{"id":298,"date":"2024-06-04T10:32:15","date_gmt":"2024-06-04T10:32:15","guid":{"rendered":"https:\/\/www.arderiugroup.com\/services\/"},"modified":"2026-02-10T18:46:31","modified_gmt":"2026-02-10T18:46:31","slug":"services","status":"publish","type":"page","link":"https:\/\/www.arderiugroup.com\/en\/services\/","title":{"rendered":"Services"},"content":{"rendered":"<div class=\"wp-block-uagb-container uagb-block-94148ffa alignfull uagb-is-root-container\"><div class=\"uagb-container-inner-blocks-wrap\">\n<div data-aos= \"fade\" data-aos-duration=\"400\" data-aos-delay=\"0\" data-aos-easing=\"ease\" data-aos-once=\"true\" class=\"wp-block-uagb-advanced-heading uagb-block-482ce1a0\"><h1 class=\"uagb-heading-text\"><strong>Our industrial mechanical engineering services<\/strong><\/h1><div class=\"uagb-separator\"><\/div><\/div>\n<\/div><\/div>\n\n\n\n<div class=\"wp-block-uagb-container uagb-layout-grid uagb-block-caf63293 alignfull uagb-is-root-container\"><div class=\"uagb-container-inner-blocks-wrap\">\n<div data-aos= \"fade-right\" data-aos-duration=\"400\" data-aos-delay=\"0\" data-aos-easing=\"ease\" data-aos-once=\"true\" class=\"wp-block-uagb-container uagb-block-9285b188\">\n<div class=\"wp-block-uagb-image aligncenter uagb-block-20c5a042 wp-block-uagb-image--layout-default wp-block-uagb-image--effect-static wp-block-uagb-image--align-center\"><figure class=\"wp-block-uagb-image__figure\"><img decoding=\"async\" srcset=\"https:\/\/www.arderiugroup.com\/wp-content\/uploads\/2024\/06\/Assembly-line2-1024x1024.jpg ,https:\/\/www.arderiugroup.com\/wp-content\/uploads\/2024\/06\/Assembly-line2.jpg 780w, https:\/\/www.arderiugroup.com\/wp-content\/uploads\/2024\/06\/Assembly-line2.jpg 360w\" sizes=\"auto, (max-width: 480px) 150px\" src=\"https:\/\/www.arderiugroup.com\/wp-content\/uploads\/2024\/06\/Assembly-line2-1024x1024.jpg\" alt=\"\" class=\"uag-image-444\" width=\"594\" height=\"350\" title=\"Assembly line2\" loading=\"lazy\" role=\"img\"\/><\/figure><\/div>\n\n\n\n<div class=\"wp-block-uagb-advanced-heading uagb-block-7a29683e\"><h3 class=\"uagb-heading-text\">Design and development of industrial process lines<\/h3><div class=\"uagb-separator\"><\/div><p class=\"uagb-desc-text\">We develop and integrate automated lines tailored to your infrastructure, from conveying systems to robotic cells, with a focus on maximizing performance and reducing cycle times.<\/p><\/div>\n<\/div>\n\n\n\n<div data-aos= \"fade-left\" data-aos-duration=\"400\" data-aos-delay=\"0\" data-aos-easing=\"ease\" data-aos-once=\"true\" class=\"wp-block-uagb-container uagb-block-d5e7b371\">\n<div class=\"wp-block-uagb-image aligncenter uagb-block-00530e37 wp-block-uagb-image--layout-default wp-block-uagb-image--effect-static wp-block-uagb-image--align-center\"><figure class=\"wp-block-uagb-image__figure\"><img decoding=\"async\" srcset=\"https:\/\/www.arderiugroup.com\/wp-content\/uploads\/2024\/06\/Alternative_Table1-1024x1024.jpg ,https:\/\/www.arderiugroup.com\/wp-content\/uploads\/2024\/06\/Alternative_Table1.jpg 780w, https:\/\/www.arderiugroup.com\/wp-content\/uploads\/2024\/06\/Alternative_Table1.jpg 360w\" sizes=\"auto, (max-width: 480px) 150px\" src=\"https:\/\/www.arderiugroup.com\/wp-content\/uploads\/2024\/06\/Alternative_Table1-1024x1024.jpg\" alt=\"\" class=\"uag-image-443\" width=\"450\" height=\"350\" title=\"Alternative_Table1\" loading=\"lazy\" role=\"img\"\/><\/figure><\/div>\n\n\n\n<div class=\"wp-block-uagb-advanced-heading uagb-block-00bb50a9\"><h3 class=\"uagb-heading-text\">Custom industrial machinery design<\/h3><div class=\"uagb-separator\"><\/div><p class=\"uagb-desc-text\">We design machines from concept to technical definition, including robotic cells, CNC rotary equipment, and test benches, fully tailored to your operational requirements.<\/p><\/div>\n<\/div>\n\n\n\n<div data-aos= \"fade-right\" data-aos-duration=\"400\" data-aos-delay=\"0\" data-aos-easing=\"ease\" data-aos-once=\"true\" class=\"wp-block-uagb-container uagb-block-5f102b17\">\n<div class=\"wp-block-uagb-image aligncenter uagb-block-1326e507 wp-block-uagb-image--layout-default wp-block-uagb-image--effect-static wp-block-uagb-image--align-center\"><figure class=\"wp-block-uagb-image__figure\"><img decoding=\"async\" srcset=\"https:\/\/www.arderiugroup.com\/wp-content\/uploads\/2025\/09\/Celula_robotica_grippers-1-1024x822.jpg ,https:\/\/www.arderiugroup.com\/wp-content\/uploads\/2025\/09\/Celula_robotica_grippers-1-scaled.jpg 780w, https:\/\/www.arderiugroup.com\/wp-content\/uploads\/2025\/09\/Celula_robotica_grippers-1-scaled.jpg 360w\" sizes=\"auto, (max-width: 480px) 150px\" src=\"https:\/\/www.arderiugroup.com\/wp-content\/uploads\/2025\/09\/Celula_robotica_grippers-1-1024x822.jpg\" alt=\"\" class=\"uag-image-832\" width=\"594\" height=\"350\" title=\"Celula_robotica_grippers (1)\" loading=\"lazy\" role=\"img\"\/><\/figure><\/div>\n\n\n\n<div class=\"wp-block-uagb-advanced-heading uagb-block-cfd6046d\"><h3 class=\"uagb-heading-text\">Robot cells<\/h3><div class=\"uagb-separator\"><\/div><p class=\"uagb-desc-text\">Robotic cells with a wide range of payloads. We love this type of product because it involves leveraging R&amp;D to optimize versatility and adaptability to existing infrastructure.<\/p><\/div>\n<\/div>\n\n\n\n<div data-aos= \"fade-right\" data-aos-duration=\"400\" data-aos-delay=\"0\" data-aos-easing=\"ease\" data-aos-once=\"true\" class=\"wp-block-uagb-container uagb-block-cc9cedb9\">\n<div class=\"wp-block-uagb-image aligncenter uagb-block-f84b6f27 wp-block-uagb-image--layout-default wp-block-uagb-image--effect-static wp-block-uagb-image--align-center\"><figure class=\"wp-block-uagb-image__figure\"><img decoding=\"async\" srcset=\"https:\/\/www.arderiugroup.com\/wp-content\/uploads\/2025\/09\/Mesa_trabajo_test-1024x1024.jpg ,https:\/\/www.arderiugroup.com\/wp-content\/uploads\/2025\/09\/Mesa_trabajo_test.jpg 780w, https:\/\/www.arderiugroup.com\/wp-content\/uploads\/2025\/09\/Mesa_trabajo_test.jpg 360w\" sizes=\"auto, (max-width: 480px) 150px\" src=\"https:\/\/www.arderiugroup.com\/wp-content\/uploads\/2025\/09\/Mesa_trabajo_test-1024x1024.jpg\" alt=\"\" class=\"uag-image-834\" width=\"594\" height=\"350\" title=\"Mesa_trabajo_test\" loading=\"lazy\" role=\"img\"\/><\/figure><\/div>\n\n\n\n<div class=\"wp-block-uagb-advanced-heading uagb-block-93c5b381\"><h3 class=\"uagb-heading-text\">Workstations and tests<\/h3><div class=\"uagb-separator\"><\/div><p class=\"uagb-desc-text\">Work and test stations with modular structures, integrating PLCs and high-precision sensors for specific industrial processes.<\/p><\/div>\n<\/div>\n\n\n\n<div data-aos= \"fade-right\" data-aos-duration=\"400\" data-aos-delay=\"0\" data-aos-easing=\"ease\" data-aos-once=\"true\" class=\"wp-block-uagb-container uagb-block-628815f7\">\n<div class=\"wp-block-uagb-image aligncenter uagb-block-dbac32c9 wp-block-uagb-image--layout-default wp-block-uagb-image--effect-static wp-block-uagb-image--align-center\"><figure class=\"wp-block-uagb-image__figure\"><img decoding=\"async\" srcset=\"https:\/\/www.arderiugroup.com\/wp-content\/uploads\/2024\/06\/pexels-photo-5915147.jpeg ,https:\/\/www.arderiugroup.com\/wp-content\/uploads\/2024\/06\/pexels-photo-5915147.jpeg 780w, https:\/\/www.arderiugroup.com\/wp-content\/uploads\/2024\/06\/pexels-photo-5915147.jpeg 360w\" sizes=\"auto, (max-width: 480px) 150px\" src=\"https:\/\/www.arderiugroup.com\/wp-content\/uploads\/2024\/06\/pexels-photo-5915147.jpeg\" alt=\"Black Calculator on Blueprints\" class=\"uag-image-44\" width=\"594\" height=\"350\" title=\"pexels-photo-5915147\" loading=\"lazy\" role=\"img\"\/><\/figure><\/div>\n\n\n\n<div class=\"wp-block-uagb-advanced-heading uagb-block-b0c45bf6\"><h3 class=\"uagb-heading-text\">Technical documentation for manufacturing and assembly<\/h3><div class=\"uagb-separator\"><\/div><p class=\"uagb-desc-text\">Comprehensive documentation compliant with GD&amp;T and industrial standards, including drawings and bills of materials that minimize manufacturing and assembly errors.<\/p><\/div>\n<\/div>\n\n\n\n<div data-aos= \"fade-left\" data-aos-duration=\"400\" data-aos-delay=\"0\" data-aos-easing=\"ease\" data-aos-once=\"true\" class=\"wp-block-uagb-container uagb-block-a94242b0\">\n<div class=\"wp-block-uagb-image aligncenter uagb-block-d8e7c5b9 wp-block-uagb-image--layout-default wp-block-uagb-image--effect-static wp-block-uagb-image--align-center\"><figure class=\"wp-block-uagb-image__figure\"><img decoding=\"async\" srcset=\"https:\/\/www.arderiugroup.com\/wp-content\/uploads\/2024\/06\/Renders-Industriales-1024x576.jpg ,https:\/\/www.arderiugroup.com\/wp-content\/uploads\/2024\/06\/Renders-Industriales-scaled.jpg 780w, https:\/\/www.arderiugroup.com\/wp-content\/uploads\/2024\/06\/Renders-Industriales-scaled.jpg 360w\" sizes=\"auto, (max-width: 480px) 150px\" src=\"https:\/\/www.arderiugroup.com\/wp-content\/uploads\/2024\/06\/Renders-Industriales-1024x576.jpg\" alt=\"\" class=\"uag-image-447\" width=\"594\" height=\"350\" title=\"Safety measures stickers on assembly lines operated by heavy machinery, render\" loading=\"lazy\" role=\"img\"\/><\/figure><\/div>\n\n\n\n<div class=\"wp-block-uagb-advanced-heading uagb-block-d86928e9\"><h3 class=\"uagb-heading-text\">Visualization and technical support for design<\/h3><div class=\"uagb-separator\"><\/div><p class=\"uagb-desc-text\">3D models and visualizations that help validate concepts, present proposals internally or to clients, and facilitate the understanding of complex designs.<\/p><\/div>\n<\/div>\n\n\n\n<div data-aos= \"fade-right\" data-aos-duration=\"400\" data-aos-delay=\"0\" data-aos-easing=\"ease\" data-aos-once=\"true\" class=\"wp-block-uagb-container uagb-block-679cc593\">\n<div class=\"wp-block-uagb-image aligncenter uagb-block-586fee5f wp-block-uagb-image--layout-default wp-block-uagb-image--effect-static wp-block-uagb-image--align-center\"><figure class=\"wp-block-uagb-image__figure\"><img decoding=\"async\" srcset=\"https:\/\/www.arderiugroup.com\/wp-content\/uploads\/2024\/06\/Utillaje-manipulador-1024x683.jpg ,https:\/\/www.arderiugroup.com\/wp-content\/uploads\/2024\/06\/Utillaje-manipulador-scaled.jpg 780w, https:\/\/www.arderiugroup.com\/wp-content\/uploads\/2024\/06\/Utillaje-manipulador-scaled.jpg 360w\" sizes=\"auto, (max-width: 480px) 150px\" src=\"https:\/\/www.arderiugroup.com\/wp-content\/uploads\/2024\/06\/Utillaje-manipulador-1024x683.jpg\" alt=\"\" class=\"uag-image-448\" width=\"594\" height=\"350\" title=\"Utillaje manipulador\" loading=\"lazy\" role=\"img\"\/><\/figure><\/div>\n\n\n\n<div class=\"wp-block-uagb-advanced-heading uagb-block-6857deb9\"><h3 class=\"uagb-heading-text\">Modifications, retrofits, and regulatory compliance adaptations<\/h3><div class=\"uagb-separator\"><\/div><p class=\"uagb-desc-text\">We adapt and improve existing equipment, including the design of tooling and accessories to meet new production requirements.<\/p><\/div>\n<\/div>\n\n\n\n<div data-aos= \"fade-left\" data-aos-duration=\"400\" data-aos-delay=\"0\" data-aos-easing=\"ease\" data-aos-once=\"true\" class=\"wp-block-uagb-container uagb-layout-flex uagb-block-4a3a058b\">\n<div class=\"wp-block-uagb-image aligncenter uagb-block-a681122b wp-block-uagb-image--layout-default wp-block-uagb-image--effect-static wp-block-uagb-image--align-center\"><figure class=\"wp-block-uagb-image__figure\"><img decoding=\"async\" srcset=\"https:\/\/www.arderiugroup.com\/wp-content\/uploads\/2026\/01\/Gantt_diagram.jpg ,https:\/\/www.arderiugroup.com\/wp-content\/uploads\/2026\/01\/Gantt_diagram.jpg 780w, https:\/\/www.arderiugroup.com\/wp-content\/uploads\/2026\/01\/Gantt_diagram.jpg 360w\" sizes=\"auto, (max-width: 480px) 150px\" src=\"https:\/\/www.arderiugroup.com\/wp-content\/uploads\/2026\/01\/Gantt_diagram.jpg\" alt=\"\" class=\"uag-image-888\" width=\"594\" height=\"350\" title=\"Gantt_diagram\" loading=\"lazy\" role=\"img\"\/><\/figure><\/div>\n\n\n\n<div class=\"wp-block-uagb-advanced-heading uagb-block-5c64cb96\"><h3 class=\"uagb-heading-text\">Integrated industrial engineering projects<\/h3><div class=\"uagb-separator\"><\/div><p class=\"uagb-desc-text\">We supervise and execute complete projects, coordinating mechanical engineering, mechatronics, software, and manufacturing to deliver fully operational systems ready for production.<\/p><\/div>\n<\/div>\n<\/div><\/div>\n\n\n\n<div class=\"wp-block-columns is-layout-flex wp-container-core-columns-is-layout-afd37d2b wp-block-columns-is-layout-flex\" style=\"margin-top:var(--wp--preset--spacing--50);margin-bottom:var(--wp--preset--spacing--70);padding-top:0;padding-right:var(--wp--preset--spacing--60);padding-bottom:0;padding-left:var(--wp--preset--spacing--60)\">\n<div class=\"wp-block-column is-layout-flow wp-block-column-is-layout-flow\" style=\"padding-top:0;padding-bottom:0\">\n<div class=\"wp-block-uagb-image aligncenter uagb-block-b18868d0 wp-block-uagb-image--layout-default wp-block-uagb-image--effect-static wp-block-uagb-image--align-center\"><figure class=\"wp-block-uagb-image__figure\"><img decoding=\"async\" srcset=\"https:\/\/www.arderiugroup.com\/wp-content\/uploads\/2026\/01\/solidworks_software.png ,https:\/\/www.arderiugroup.com\/wp-content\/uploads\/2026\/01\/solidworks_software.png 780w, https:\/\/www.arderiugroup.com\/wp-content\/uploads\/2026\/01\/solidworks_software.png 360w\" sizes=\"auto, (max-width: 480px) 150px\" src=\"https:\/\/www.arderiugroup.com\/wp-content\/uploads\/2026\/01\/solidworks_software.png\" alt=\"\" class=\"uag-image-897\" width=\"300\" height=\"87\" title=\"solidworks_software\" loading=\"lazy\" role=\"img\"\/><\/figure><\/div>\n<\/div>\n\n\n\n<div class=\"wp-block-column is-layout-flow wp-block-column-is-layout-flow\">\n<div class=\"wp-block-uagb-image aligncenter uagb-block-8361ba01 wp-block-uagb-image--layout-default wp-block-uagb-image--effect-static wp-block-uagb-image--align-center\"><figure class=\"wp-block-uagb-image__figure\"><img decoding=\"async\" srcset=\"https:\/\/www.arderiugroup.com\/wp-content\/uploads\/2026\/01\/solidworks_simulation_software.png ,https:\/\/www.arderiugroup.com\/wp-content\/uploads\/2026\/01\/solidworks_simulation_software.png 780w, https:\/\/www.arderiugroup.com\/wp-content\/uploads\/2026\/01\/solidworks_simulation_software.png 360w\" sizes=\"auto, (max-width: 480px) 150px\" src=\"https:\/\/www.arderiugroup.com\/wp-content\/uploads\/2026\/01\/solidworks_simulation_software.png\" alt=\"\" class=\"uag-image-980\" width=\"300\" height=\"82\" title=\"solidworks_simulation_software\" loading=\"lazy\" role=\"img\"\/><\/figure><\/div>\n<\/div>\n\n\n\n<div class=\"wp-block-column is-layout-flow wp-block-column-is-layout-flow\">\n<div class=\"wp-block-uagb-image aligncenter uagb-block-f60a7305 wp-block-uagb-image--layout-default wp-block-uagb-image--effect-static wp-block-uagb-image--align-center\"><figure class=\"wp-block-uagb-image__figure\"><img decoding=\"async\" srcset=\"https:\/\/www.arderiugroup.com\/wp-content\/uploads\/2026\/01\/solidedge_software.png ,https:\/\/www.arderiugroup.com\/wp-content\/uploads\/2026\/01\/solidedge_software.png 780w, https:\/\/www.arderiugroup.com\/wp-content\/uploads\/2026\/01\/solidedge_software.png 360w\" sizes=\"auto, (max-width: 480px) 150px\" src=\"https:\/\/www.arderiugroup.com\/wp-content\/uploads\/2026\/01\/solidedge_software.png\" alt=\"\" class=\"uag-image-898\" width=\"300\" height=\"102\" title=\"solidedge_software\" loading=\"lazy\" role=\"img\"\/><\/figure><\/div>\n<\/div>\n\n\n\n<div class=\"wp-block-column is-layout-flow wp-block-column-is-layout-flow\">\n<div class=\"wp-block-uagb-image aligncenter uagb-block-2961f9f3 wp-block-uagb-image--layout-default wp-block-uagb-image--effect-static wp-block-uagb-image--align-center\"><figure class=\"wp-block-uagb-image__figure\"><img decoding=\"async\" srcset=\"https:\/\/www.arderiugroup.com\/wp-content\/uploads\/2026\/01\/autocad_software.png ,https:\/\/www.arderiugroup.com\/wp-content\/uploads\/2026\/01\/autocad_software.png 780w, https:\/\/www.arderiugroup.com\/wp-content\/uploads\/2026\/01\/autocad_software-150x150.png 360w\" sizes=\"auto, (max-width: 480px) 150px\" src=\"https:\/\/www.arderiugroup.com\/wp-content\/uploads\/2026\/01\/autocad_software.png\" alt=\"\" class=\"uag-image-899\" width=\"300\" height=\"102\" title=\"autocad_software\" loading=\"lazy\" role=\"img\"\/><\/figure><\/div>\n<\/div>\n\n\n\n<div class=\"wp-block-column is-layout-flow wp-block-column-is-layout-flow\">\n<div class=\"wp-block-uagb-image aligncenter uagb-block-a3e58489 wp-block-uagb-image--layout-default wp-block-uagb-image--effect-static wp-block-uagb-image--align-center\"><figure class=\"wp-block-uagb-image__figure\"><img decoding=\"async\" srcset=\"https:\/\/www.arderiugroup.com\/wp-content\/uploads\/2026\/02\/keyshoot_software_1-300x168.png ,https:\/\/www.arderiugroup.com\/wp-content\/uploads\/2026\/02\/keyshoot_software_1.png 780w, https:\/\/www.arderiugroup.com\/wp-content\/uploads\/2026\/02\/keyshoot_software_1-150x150.png 360w\" sizes=\"auto, (max-width: 480px) 150px\" src=\"https:\/\/www.arderiugroup.com\/wp-content\/uploads\/2026\/02\/keyshoot_software_1-300x168.png\" alt=\"\" class=\"uag-image-998\" width=\"300\" height=\"102\" title=\"keyshoot_software_1\" loading=\"lazy\" role=\"img\"\/><\/figure><\/div>\n<\/div>\n<\/div>\n\n\n\n<div class=\"wp-block-uagb-container uagb-block-381422f4 alignfull uagb-is-root-container\"><div class=\"uagb-container-inner-blocks-wrap\">\n<div data-aos= \"fade-up\" data-aos-duration=\"400\" data-aos-delay=\"0\" data-aos-easing=\"ease\" data-aos-once=\"true\" class=\"wp-block-uagb-info-box uagb-block-fa702b80 uagb-infobox__content-wrap  uagb-infobox-icon-above-title uagb-infobox-image-valign-top wp-block-uagb-info-box--has-margin\"><div class=\"uagb-infobox-margin-wrapper\"><div class=\"uagb-ifb-content\"><div class=\"uagb-ifb-title-wrap\"><div class=\"uagb-ifb-separator\"><\/div><h2 class=\"uagb-ifb-title\">WHY?<br><br>The industry repeats R&amp;D unnecessarily. <br>We design and adapt existing mechanical solutions so you can focus on your core value.<\/h2><\/div><p class=\"uagb-ifb-desc\">We help you, Contact us<\/p><div class=\"uagb-ifb-button-wrapper wp-block-button\"><a href=\"\/en\/contact\/\" class=\"uagb-infobox-cta-link wp-block-button__link\" target=\"_self\" rel=\"noopener noreferrer\" onclick=\"return true;\"><span class=\"uagb-inline-editing\">Let\u2019s talk for 15 minutes<\/span><\/a><\/div><\/div><\/div><\/div>\n<\/div><\/div>","protected":false},"excerpt":{"rendered":"<p>Nuestros servicios de ingenier\u00eda mec\u00e1nica industrial Dise\u00f1o y desarrollo de l\u00edneas de proceso industrial Desarrollamos e integramos l\u00edneas automatizadas adaptadas [&hellip;]<\/p>","protected":false},"author":1,"featured_media":0,"parent":0,"menu_order":0,"comment_status":"closed","ping_status":"closed","template":"","meta":{"content-type":"","_uag_custom_page_level_css":"","site-sidebar-layout":"default","site-content-layout":"","ast-site-content-layout":"","site-content-style":"default","site-sidebar-style":"default","ast-global-header-display":"","ast-banner-title-visibility":"","ast-main-header-display":"","ast-hfb-above-header-display":"","ast-hfb-below-header-display":"","ast-hfb-mobile-header-display":"","site-post-title":"disabled","ast-breadcrumbs-content":"","ast-featured-img":"","footer-sml-layout":"","theme-transparent-header-meta":"","adv-header-id-meta":"","stick-header-meta":"","header-above-stick-meta":"","header-main-stick-meta":"","header-below-stick-meta":"","astra-migrate-meta-layouts":"default","ast-page-background-enabled":"default","ast-page-background-meta":{"desktop":{"background-color":"var(--ast-global-color-4)","background-image":"","background-repeat":"repeat","background-position":"center center","background-size":"auto","background-attachment":"scroll","background-type":"","background-media":"","overlay-type":"","overlay-color":"","overlay-opacity":"","overlay-gradient":""},"tablet":{"background-color":"","background-image":"","background-repeat":"repeat","background-position":"center center","background-size":"auto","background-attachment":"scroll","background-type":"","background-media":"","overlay-type":"","overlay-color":"","overlay-opacity":"","overlay-gradient":""},"mobile":{"background-color":"","background-image":"","background-repeat":"repeat","background-position":"center center","background-size":"auto","background-attachment":"scroll","background-type":"","background-media":"","overlay-type":"","overlay-color":"","overlay-opacity":"","overlay-gradient":""}},"ast-content-background-meta":{"desktop":{"background-color":"var(--ast-global-color-5)","background-image":"","background-repeat":"repeat","background-position":"center center","background-size":"auto","background-attachment":"scroll","background-type":"","background-media":"","overlay-type":"","overlay-color":"","overlay-opacity":"","overlay-gradient":""},"tablet":{"background-color":"var(--ast-global-color-5)","background-image":"","background-repeat":"repeat","background-position":"center center","background-size":"auto","background-attachment":"scroll","background-type":"","background-media":"","overlay-type":"","overlay-color":"","overlay-opacity":"","overlay-gradient":""},"mobile":{"background-color":"var(--ast-global-color-5)","background-image":"","background-repeat":"repeat","background-position":"center center","background-size":"auto","background-attachment":"scroll","background-type":"","background-media":"","overlay-type":"","overlay-color":"","overlay-opacity":"","overlay-gradient":""}},"footnotes":""},"class_list":["post-298","page","type-page","status-publish","hentry"],"uagb_featured_image_src":{"full":false,"thumbnail":false,"medium":false,"medium_large":false,"large":false,"1536x1536":false,"2048x2048":false,"trp-custom-language-flag":false},"uagb_author_info":{"display_name":"arderiugroup.com","author_link":"https:\/\/www.arderiugroup.com\/en\/author\/arderiugroup_xm6zza\/"},"uagb_comment_info":0,"uagb_excerpt":"Nuestros servicios de ingenier\u00eda mec\u00e1nica industrial Dise\u00f1o y desarrollo de l\u00edneas de proceso industrial Desarrollamos e integramos l\u00edneas automatizadas adaptadas [&hellip;]","_links":{"self":[{"href":"https:\/\/www.arderiugroup.com\/en\/wp-json\/wp\/v2\/pages\/298","targetHints":{"allow":["GET"]}}],"collection":[{"href":"https:\/\/www.arderiugroup.com\/en\/wp-json\/wp\/v2\/pages"}],"about":[{"href":"https:\/\/www.arderiugroup.com\/en\/wp-json\/wp\/v2\/types\/page"}],"author":[{"embeddable":true,"href":"https:\/\/www.arderiugroup.com\/en\/wp-json\/wp\/v2\/users\/1"}],"replies":[{"embeddable":true,"href":"https:\/\/www.arderiugroup.com\/en\/wp-json\/wp\/v2\/comments?post=298"}],"version-history":[{"count":10,"href":"https:\/\/www.arderiugroup.com\/en\/wp-json\/wp\/v2\/pages\/298\/revisions"}],"predecessor-version":[{"id":1002,"href":"https:\/\/www.arderiugroup.com\/en\/wp-json\/wp\/v2\/pages\/298\/revisions\/1002"}],"wp:attachment":[{"href":"https:\/\/www.arderiugroup.com\/en\/wp-json\/wp\/v2\/media?parent=298"}],"curies":[{"name":"wp","href":"https:\/\/api.w.org\/{rel}","templated":true}]}}